{"id":12,"date":"2016-01-16T15:25:41","date_gmt":"2016-01-16T14:25:41","guid":{"rendered":"http:\/\/zwirkiiwigury2.pl\/?page_id=12"},"modified":"2024-03-11T20:37:16","modified_gmt":"2024-03-11T19:37:16","slug":"kontakt","status":"publish","type":"page","link":"https:\/\/zwirkiiwigury2.pl\/?page_id=12","title":{"rendered":"Kontakt"},"content":{"rendered":"\r\n<div class=\"wp-block-group\"><div class=\"wp-block-group__inner-container is-layout-constrained wp-block-group-is-layout-constrained\">\r\n<p><strong>STOWARZYSZENIE OGRODOWE<\/strong><br \/><strong>POLSKI ZWI\u0104ZEK DZIA\u0141KOWC\u00d3W<\/strong><br \/><strong>RODZINNY OGR\u00d3D DZIA\u0141KOWY<\/strong><br \/>im. \u017bwirki i Wigury II<br \/>60-189 Pozna\u0144\u00a0, ul Bukowska 235<\/p>\r\n<p><strong>adres do korespondencji<\/strong><br \/>Urz\u0105d Pocztowy 60-979 Pozna\u0144 45\u00a0 \u00a0skrytka pocztowa 10<br \/><strong>e-mail: rodzwirkiiwigury2@gmail.com<\/strong><\/p>\r\n<p>NIP: 779-14-00-477<br \/>REGON: 00701591540605<\/p>\r\n<p>Konto bankowe ROD Pozna\u0144ski Bank Sp\u00f3\u0142dzielczy :\u00a0 \u00a0 \u00a0 \u00a0 \u00a0 \u00a0 <strong>71 9043 1070 2070 0010 0579 0001\u00a0<\/strong><\/p>\r\n<p style=\"text-align: left;\">1. <strong>Dy\u017cury Cz\u0142onk\u00f3w Zarz\u0105du &#8211; Przyj\u0119cia Interesant\u00f3w<\/strong>:<\/p>\r\n<p style=\"text-align: left;\">W sezonie : sobota 10.00 &#8211; 12.00<\/p>\r\n<p>2. <strong>Gospodarz Ogrodu\u00a0 \u00a0 \u00a0 \u00a0 \u00a0 \u00a0 \u00a0<\/strong><strong>\u00a0<\/strong><strong>Tel. 661 808 991<\/strong><\/p>\r\n<p>3. <strong>Awarie wodne na terenie ROD prosz\u0119 zg\u0142asza\u0107 pod numerem:\u00a0 \u00a0 \u00a0<\/strong> <strong>Tel. 609 449 839<\/strong><\/p>\r\n<p>4. <strong>Awarie elektryczne na terenie ROD prosz\u0119 zg\u0142asza\u0107 pod numerem:\u00a0 Tel. 726-538-715<\/strong><\/p>\r\n<p><strong>\u00a0 \u00a0 \u00a0 \u00a0 \u00a0\u00a0<\/strong><\/p>\r\n<\/div><\/div>\r\n","protected":false},"excerpt":{"rendered":"<p>STOWARZYSZENIE OGRODOWEPOLSKI ZWI\u0104ZEK DZIA\u0141KOWC\u00d3WRODZINNY OGR\u00d3D DZIA\u0141KOWYim. \u017bwirki i Wigury II60-189 Pozna\u0144\u00a0, ul Bukowska 235 adres do korespondencjiUrz\u0105d Pocztowy 60-979 Pozna\u0144 45\u00a0 \u00a0skrytka pocztowa 10e-mail: rodzwirkiiwigury2@gmail.com NIP: 779-14-00-477REGON: 00701591540605 Konto bankowe ROD Pozna\u0144ski Bank Sp\u00f3\u0142dzielczy :\u00a0 \u00a0 \u00a0 \u00a0 \u00a0 \u00a0 71 9043 1070 2070 0010 0579 0001\u00a0 1. Dy\u017cury Cz\u0142onk\u00f3w Zarz\u0105du &#8211; Przyj\u0119cia Interesant\u00f3w: W [&hellip;]<\/p>\n","protected":false},"author":1,"featured_media":0,"parent":0,"menu_order":9,"comment_status":"closed","ping_status":"closed","template":"","meta":{"footnotes":""},"class_list":["post-12","page","type-page","status-publish","hentry"],"_links":{"self":[{"href":"https:\/\/zwirkiiwigury2.pl\/index.php?rest_route=\/wp\/v2\/pages\/12","targetHints":{"allow":["GET"]}}],"collection":[{"href":"https:\/\/zwirkiiwigury2.pl\/index.php?rest_route=\/wp\/v2\/pages"}],"about":[{"href":"https:\/\/zwirkiiwigury2.pl\/index.php?rest_route=\/wp\/v2\/types\/page"}],"author":[{"embeddable":true,"href":"https:\/\/zwirkiiwigury2.pl\/index.php?rest_route=\/wp\/v2\/users\/1"}],"replies":[{"embeddable":true,"href":"https:\/\/zwirkiiwigury2.pl\/index.php?rest_route=%2Fwp%2Fv2%2Fcomments&post=12"}],"version-history":[{"count":42,"href":"https:\/\/zwirkiiwigury2.pl\/index.php?rest_route=\/wp\/v2\/pages\/12\/revisions"}],"predecessor-version":[{"id":3542,"href":"https:\/\/zwirkiiwigury2.pl\/index.php?rest_route=\/wp\/v2\/pages\/12\/revisions\/3542"}],"wp:attachment":[{"href":"https:\/\/zwirkiiwigury2.pl\/index.php?rest_route=%2Fwp%2Fv2%2Fmedia&parent=12"}],"curies":[{"name":"wp","href":"https:\/\/api.w.org\/{rel}","templated":true}]}}