{"id":2062,"date":"2018-12-23T10:01:48","date_gmt":"2018-12-23T09:01:48","guid":{"rendered":"http:\/\/zwirkiiwigury2.pl\/?page_id=2062"},"modified":"2024-03-11T20:34:30","modified_gmt":"2024-03-11T19:34:30","slug":"telefony-alarmowe","status":"publish","type":"page","link":"https:\/\/zwirkiiwigury2.pl\/?page_id=2062","title":{"rendered":"Telefony alarmowe"},"content":{"rendered":"<p><a href=\"https:\/\/zwirkiiwigury2.pl\/?attachment_id=2064\" rel=\"attachment wp-att-2064\"><img loading=\"lazy\" decoding=\"async\" class=\"alignnone size-full wp-image-2064 aligncenter\" src=\"https:\/\/zwirkiiwigury2.pl\/wp-content\/uploads\/2018\/12\/logo-policji-2.png\" alt=\"logo policji 2\" width=\"115\" height=\"124\" \/><\/a><\/p>\n<p style=\"text-align: center;\">\u00a0 \u00a0 KOMISARIAT POLICJI POZNA\u0143 \u2013 JE\u017bYCE<br \/>\nul . Kochanowskiego 16\u00a0 60-846 Pozna\u0144<\/p>\n<p style=\"text-align: center;\"><strong>Telefon czynny CA\u0141\u0104 DOB\u0118<\/strong><br \/>\n61-84\u00a0122 11<br \/>\n61-84\u00a0122 12<br \/>\n997\u00a0 \u00a0 \u00a0lub\u00a0 \u00a0 \u00a0112<\/p>\n<p>&nbsp;<\/p>\n<p><b>998 &#8211; Pa\u0144stwowa Stra\u017c Po\u017carna,<\/b><\/p>\n<p><b> 999 &#8211; Pa\u0144stwowe Ratownictwo Medyczne<\/b>.<\/p>\n<p><b>999<\/b>\u00a0\u2013 to numer alarmowy pogotowia ratunkowego. Po\u0142\u0105czenie odbiera bezpo\u015brednio dyspozytor medyczny.<\/p>\n<p><b>112<\/b>\u00a0\u2013 to jednolity numer alarmowy, kt\u00f3ry obowi\u0105zuje w ca\u0142ej Unii Europejskiej. Numer\u00a0<b>112<\/b>\u00a0s\u0142u\u017cy do powiadamiania w sytuacjach zagro\u017cenia zdrowia i \u017cycia, ale tak\u017ce mienia.<\/p>\n","protected":false},"excerpt":{"rendered":"<p>\u00a0 \u00a0 KOMISARIAT POLICJI POZNA\u0143 \u2013 JE\u017bYCE ul . Kochanowskiego 16\u00a0 60-846 Pozna\u0144 Telefon czynny CA\u0141\u0104 DOB\u0118 61-84\u00a0122 11 61-84\u00a0122 12 997\u00a0 \u00a0 \u00a0lub\u00a0 \u00a0 \u00a0112 &nbsp; 998 &#8211; Pa\u0144stwowa Stra\u017c Po\u017carna, 999 &#8211; Pa\u0144stwowe Ratownictwo Medyczne. 999\u00a0\u2013 to numer alarmowy pogotowia ratunkowego. Po\u0142\u0105czenie odbiera bezpo\u015brednio dyspozytor medyczny. 112\u00a0\u2013 to jednolity numer alarmowy, kt\u00f3ry obowi\u0105zuje [&hellip;]<\/p>\n","protected":false},"author":1,"featured_media":0,"parent":0,"menu_order":7,"comment_status":"closed","ping_status":"closed","template":"","meta":{"footnotes":""},"class_list":["post-2062","page","type-page","status-publish","hentry"],"_links":{"self":[{"href":"https:\/\/zwirkiiwigury2.pl\/index.php?rest_route=\/wp\/v2\/pages\/2062","targetHints":{"allow":["GET"]}}],"collection":[{"href":"https:\/\/zwirkiiwigury2.pl\/index.php?rest_route=\/wp\/v2\/pages"}],"about":[{"href":"https:\/\/zwirkiiwigury2.pl\/index.php?rest_route=\/wp\/v2\/types\/page"}],"author":[{"embeddable":true,"href":"https:\/\/zwirkiiwigury2.pl\/index.php?rest_route=\/wp\/v2\/users\/1"}],"replies":[{"embeddable":true,"href":"https:\/\/zwirkiiwigury2.pl\/index.php?rest_route=%2Fwp%2Fv2%2Fcomments&post=2062"}],"version-history":[{"count":7,"href":"https:\/\/zwirkiiwigury2.pl\/index.php?rest_route=\/wp\/v2\/pages\/2062\/revisions"}],"predecessor-version":[{"id":3544,"href":"https:\/\/zwirkiiwigury2.pl\/index.php?rest_route=\/wp\/v2\/pages\/2062\/revisions\/3544"}],"wp:attachment":[{"href":"https:\/\/zwirkiiwigury2.pl\/index.php?rest_route=%2Fwp%2Fv2%2Fmedia&parent=2062"}],"curies":[{"name":"wp","href":"https:\/\/api.w.org\/{rel}","templated":true}]}}