{"id":2690,"date":"2020-05-06T14:24:37","date_gmt":"2020-05-06T12:24:37","guid":{"rendered":"https:\/\/zwirkiiwigury2.pl\/?page_id=2690"},"modified":"2024-04-17T16:18:35","modified_gmt":"2024-04-17T14:18:35","slug":"organizacja-w-rod","status":"publish","type":"page","link":"https:\/\/zwirkiiwigury2.pl\/?page_id=2690","title":{"rendered":"ORGANIZACJA  i zasady segregacji \u015bmieci"},"content":{"rendered":"\n<p>1. Dane korespondencyjne i kontaktowe nale\u017cy <strong>zg\u0142asza\u0107 po ka\u017cdej zmianie<\/strong><\/p>\n\n\n\n<p>2. Op\u0142at\u0119 roczn\u0105 ogrodow\u0105 nale\u017cy ui\u015bci\u0107 <strong>do 30 <\/strong>czerwca, koszty ZA PR\u0104D I WOD\u0118 po odczycie do ko\u0144ca Grudnia ( potem naliczane s\u0105 odsetki).<\/p>\n\n\n\n<p>4. Na terenie ROD ruch SAMOCHODOWY odbywa z zachowaniem&nbsp; ZASADY <strong>prawej strony<\/strong> i ograniczeniem pr\u0119dko\u015bci do <strong>10 km\/h.<\/strong><\/p>\n\n\n\n<p>6. <strong>\u015aMIECI PODLEGAJ\u0104 SEGREGACJI<\/strong>. Do kontener\u00f3w na odpady komunalne wolno wrzuca\u0107 tylko <strong>odpady pochodz\u0105ce z terenu dzia\u0142ki<\/strong>.<\/p>\n\n\n\n<p>7. <strong>Odpady niebezpieczne lub problemowe nale\u017cy wywie\u017a\u0107 z dzia\u0142ki na w\u0142asny koszt<\/strong><\/p>\n\n\n\n<p>8. W przypadku <strong>porz\u0105dk\u00f3w<\/strong> w altanach lub <strong>remont\u00f3w czy budowy<\/strong> dzia\u0142kowiec zobowi\u0105zany jest <strong>do ZAM\u00d3WIENIA KONTENERA i wyw\u00f3z NA W\u0141ASNY KOSZ<\/strong>T.<\/p>\n\n\n\n<p>9. <strong>Alejki przed dzia\u0142k\u0105 koszone s\u0105 przez dzia\u0142kowca<\/strong> na po\u0142owie ich szeroko\u015bci, gdy do nich przylegaj\u0105 dzia\u0142ki po obu stronach lub na ca\u0142ej ich szeroko\u015bci, gdy do nich przylegaj\u0105 dzia\u0142ki z jednej strony.<\/p>\n\n\n\n<p><strong>10. Zabrania si\u0119 zw\u0119\u017cania ci\u0105g\u00f3w komunikacyjnych<\/strong> (alejek i dr\u00f3g ogrodowych), zw\u0142aszcza poprzez nieuprawnione sadzenie drzew, krzew\u00f3w lub innych ro\u015blin.<\/p>\n\n\n\n<p>11. <strong>&nbsp;Drzewa i krzewy ozdobne mo\u017cna wycina\u0107 po uprzedniej zgodzie Wydzia\u0142u Ochrony \u015arodowiska i w\u0142a\u015bciciela terenu ( wnioski znajduj\u0105 si\u0119 na stronie <\/strong><a href=\"https:\/\/zwirkiiwigury2.pl\/?page_id=8\">https:\/\/zwirkiiwigury2.pl\/?page_id=8<\/a> punkt 9. Zarz\u0105d pomaga w ich wype\u0142nieniu. Wycinamy i wywozimy z terenu na W\u0141ASNY KOSZT.<\/p>\n\n\n\n<p>12. Odpady zielone nale\u017cy przede wszystkim kompostowa\u0107. Ka\u017cda dzia\u0142ka <strong>musi<\/strong> by\u0107 wyposa\u017cona w <strong>kompostownik.<\/strong><\/p>\n\n\n\n<p>13. &nbsp;Do kontener\u00f3w na odpady zielone mo\u017cna wrzuca\u0107&nbsp; <strong>TYLKO<\/strong> skoszon\u0105 <strong>TRAW\u0118, LI\u015aCIE I DROBNE GA\u0141\u0104ZKI<\/strong> <strong>bez WORK\u00d3W.<\/strong><\/p>\n\n\n\n<p>14. Dzia\u0142kowiec jest zobowi\u0105zany na pi\u015bmie <strong>poinformowa\u0107 Zarz\u0105d<\/strong> gdy zamierza budowa\u0107 lub rozbudowa\u0107 altan\u0119 ogrodow\u0105, budowa\u0107 szambo, wykona\u0107 basen, wykona\u0107 oczko wodne, wykona\u0107 ogrodzenia dzia\u0142ki, zmieni\u0107 pod\u0142\u0105czenie wody, dokona\u0107 pod\u0142\u0105czenia energii elektrycznej na wniosku dost\u0119pnym na stronie<a href=\"https:\/\/zwirkiiwigury2.pl\/?page_id=8\">https:\/\/zwirkiiwigury2.pl\/?page_id=8<\/a> punkt 7<\/p>\n\n\n\n<p>15. Wszelkie <strong>\u0141AMANIE REGULAMINU I NARUSZANIE PO\u017bYCIA S\u0104SIEDZKIEGO<\/strong> prosz\u0119 zg\u0142asza\u0107 do Zarz\u0105du w formie pisemnej.<\/p>\n\n\n\n<p>16. <strong>Woda<\/strong> z wodoci\u0105gu (uj\u0119cie w\u0142asne) i z pompy przy Domu Dzia\u0142kowca <strong>nie jest zdatna do spo\u017cycia.<\/strong><\/p>\n\n\n\n<p>17. Teren ROD jest <strong>MONITOROWANY<\/strong>.<\/p>\n\n\n\n<p>18. <strong>DZIA\u0141KA NIE MO\u017bE BY\u0106 ZAMIESZKIWANA W OKRESIE ZIMOWYM.<\/strong><\/p>\n\n\n\n<p>19. Na terenie ogrodu <strong>obowi\u0105zuje REGULAMIN<\/strong> dost\u0119pny <a href=\"https:\/\/zwirkiiwigury2.pl\/wp-content\/uploads\/2019\/01\/Regulaminrod2018-publik.pdf\">https:\/\/zwirkiiwigury2.pl\/wp-content\/uploads\/2019\/01\/Regulaminrod2018-publik.pdf<\/a><\/p>\n\n\n\n<p>21. <strong><strong>Psy<\/strong> na terenie og\u00f3lnym nale\u017cy prowadzi\u0107 <strong>na smyczy<\/strong>. <strong>Odchody <\/strong>po zwierz\u0119tach nale\u017cy<strong> sprz\u0105ta\u0107.<\/strong><\/strong><\/p>\n\n\n\n<p class=\"has-text-align-center\">22. <strong><span style=\"color:#a30036\" class=\"has-inline-color\">ZASADY SEGREGACJI \u015aMIECI<\/span><\/strong><\/p>\n\n\n\n<p>Jest <strong><span style=\"color:#fa0007\" class=\"has-inline-color\">OBOWI\u0104ZEK<\/span><\/strong> SEGREGACJI \u015bmieci. W tym celu wystawione zosta\u0142y pojemniki na papier, szk\u0142o, tworzywa sztuczne i metale oraz pojemniki na <strong>odpady zmieszane<\/strong>. <strong>Wyrzucamy tam wszystko co nie podlega segregacji<span style=\"color:#fd070f\" class=\"has-inline-color\"> z wyj\u0105tkiem<\/span> odpad\u00f3w takich jak \u017car\u00f3wki, baterie, gruz, odpady zielone, ga\u0142\u0119zie, zu\u017cyty sprz\u0119t elektroniczny, resztki farb, rozpuszczalnik\u00f3w, odpady wielkogabarytowe, odpady remontowo \u2013 budowlane.<\/strong><\/p>\n\n\n\n<p>Niedope\u0142nienie <strong>obowi\u0105zku<\/strong> segregacji odpad\u00f3w <strong><span style=\"color:#ff060e\" class=\"has-inline-color\">skutkuje sankcjami:<\/span><\/strong><\/p>\n\n\n\n<p>\u25cf najwa\u017cniejsz\u0105 z nich jest <strong>kara pieni\u0119\u017cna<\/strong> za mieszanie selektywnie zebranych odpad\u00f3w z odpadami zmieszanymi lub mieszanie selektywnie zebranych odpad\u00f3w r\u00f3\u017cnych rodzaj\u00f3w ze sob\u0105 (w wysoko\u015bci od 10000 z\u0142 do 50000 z\u0142<\/p>\n\n\n\n<p>\u25cf <strong>nie odbieraniem odpad\u00f3w<\/strong>.<\/p>\n\n\n\n<p><strong><span style=\"color:#a30036\" class=\"has-inline-color\">Uwaga:<\/span><\/strong><\/p>\n\n\n\n<p><strong><span style=\"color:#f7040c\" class=\"has-inline-color\">&#8211; Op\u0142ucz i osusz opakowanie przed wyrzuceniem (Opakowania powinny by\u0107 bez zawarto\u015bci )<\/span><\/strong><\/p>\n\n\n\n<p><span style=\"background-color:rgba(0, 0, 0, 0);color:#fe0724\" class=\"has-inline-color\"><strong>&#8211; <\/strong>zawsze<strong> zgniataj puszki, kartony i butelki plastikowe <\/strong>(zajmuj\u0105 mniej miejsca)<\/span><\/p>\n\n\n\n<p><span style=\"background-color:rgba(0, 0, 0, 0);color:#ff0a12\" class=\"has-inline-color\"><strong>&#8211; <\/strong>wyrzucaj <strong>butelki bez nakr\u0119tek i kork\u00f3w<\/strong><\/span><\/p>\n\n\n\n<p class=\"has-text-align-center\"><strong>POJEMNIK NA SZK\u0141O<\/strong><\/p>\n\n\n\n<p>&nbsp;&nbsp;&nbsp;&nbsp;&nbsp;&nbsp;&nbsp;&nbsp;&nbsp;&nbsp;&nbsp;&nbsp;&nbsp;&nbsp;&nbsp;&nbsp; <strong>wyrzucamy<\/strong><\/p>\n\n\n\n<ul class=\"wp-block-list\">\n<li>butelki i s\u0142oiki po napojach i \u017cywno\u015bci (w tym butelki po napojach alkoholowych i olejach ro\u015blinnych)<\/li>\n\n\n\n<li>szklane opakowania po kosmetykach (je\u017celi nie s\u0105 wykonane z trwale po\u0142\u0105czonych kilku surowc\u00f3w)<\/li>\n<\/ul>\n\n\n\n<p><strong>nie wrzucamy<\/strong><\/p>\n\n\n\n<ul class=\"wp-block-list\">\n<li>ceramiki, doniczek, porcelany, fajansu, kryszta\u0142\u00f3w &#8211; do zmieszanych<\/li>\n\n\n\n<li>szk\u0142a \u017caroodpornego &#8211; do zmieszanych<\/li>\n\n\n\n<li>szk\u0142a okularowego &#8211; do zmieszanych<\/li>\n\n\n\n<li>Zniczy z zawarto\u015bci\u0105 wosku &#8211; do zmieszanych<\/li>\n\n\n\n<li>\u017car\u00f3wek i \u015bwietl\u00f3wek &#8211; gratowisko, sklep<\/li>\n\n\n\n<li>reflektor\u00f3w- stacja demonta\u017cu pojazd\u00f3w <\/li>\n\n\n\n<li>opakowa\u0144 po lekach, rozpuszczalnikach, olejach silnikowych &#8211; do zmieszanych<\/li>\n\n\n\n<li>luster, kryszta\u0142u &#8211; do zmieszanych<\/li>\n\n\n\n<li>szyb okiennych &#8211; gratowisko <\/li>\n\n\n\n<li>monitor\u00f3w i lamp telewizyjnych  &#8211; gratowisko<\/li>\n\n\n\n<li>termometr\u00f3w i strzykawek &#8211; gratowisk<\/li>\n\n\n\n<li>szk\u0142a sto\u0142owego\/zastawy\/talerzy\/szklanek &#8211; do zmiesznych <\/li>\n\n\n\n<li>szk\u0142a zbrojonego &#8211; podmiot uprawniony<\/li>\n<\/ul>\n\n\n\n<p class=\"has-text-align-center\"><strong>POJEMNIK NA TWORZYWA SZTUCZNE I METALE<\/strong><\/p>\n\n\n\n<p>&nbsp;&nbsp;&nbsp;&nbsp;&nbsp;&nbsp;&nbsp;&nbsp;&nbsp;&nbsp;&nbsp;&nbsp;&nbsp;&nbsp;&nbsp;&nbsp; <strong>wyrzucamy&nbsp;<\/strong><\/p>\n\n\n\n<ul class=\"wp-block-list\">\n<li>odkr\u0119cone i zgniecione plastikowe butelki po napojach<\/li>\n\n\n\n<li>nakr\u0119tki, o ile nie zbieramy ich osobno w ramach akcji dobroczynnych<\/li>\n\n\n\n<li>plastikowe opakowania po produktach spo\u017cywczych<\/li>\n\n\n\n<li>opakowania wielomateria\u0142owe (np. kartony po mleku i sokach)<\/li>\n\n\n\n<li>plastikowe opakowania po \u015brodkach czysto\u015bci (np. proszkach do prania), kosmetykach (np. szamponach, pa\u015bcie do z\u0119b\u00f3w) itp.<\/li>\n\n\n\n<li>plastikowe torby, worki, reklam\u00f3wki, inne folie<\/li>\n\n\n\n<li>aluminiowe puszki po napojach i sokach<\/li>\n\n\n\n<li>puszki po konserwach i napojach<\/li>\n\n\n\n<li>foli\u0119 aluminiow\u0105<\/li>\n\n\n\n<li>metale kolorowe<\/li>\n\n\n\n<li>kapsle, zakr\u0119tki od s\u0142oik\u00f3w<\/li>\n<\/ul>\n\n\n\n<p><strong>Nie wrzucamy<\/strong><\/p>\n\n\n\n<ul class=\"wp-block-list\">\n<li>butelek i pojemnik\u00f3w z zawarto\u015bci\u0105<\/li>\n\n\n\n<li>plastikowych zabawek &#8211; do zmieszanych<\/li>\n\n\n\n<li>opakowa\u0144 po lekach i zu\u017cytych artyku\u0142\u00f3w medycznych &#8211; do zmieszanych<\/li>\n\n\n\n<li>jednorazowych naczy\u0144  &#8211; do zmieszanych<\/li>\n\n\n\n<li>plastikowych przedmiot\u00f3w, np wiadra,  g\u0105bki  &#8211; do zmieszanych<\/li>\n\n\n\n<li>opakowa\u0144 po olejach silnikowych &#8211; gratowiska <\/li>\n\n\n\n<li>cz\u0119\u015bci samochodowych &#8211; stacja demonta\u017cu pojazd\u00f3w <\/li>\n\n\n\n<li>zu\u017cytych baterii i akumulator\u00f3w &#8211; gratowiska, elektroodpady, sklep<\/li>\n\n\n\n<li>puszek i pojemnik\u00f3w po farbach i lakierach &#8211; gratowiska <\/li>\n\n\n\n<li>zu\u017cytego sprz\u0119tu elektronicznego i AGD &#8211; gratowiska, elektroodpady <\/li>\n<\/ul>\n\n\n\n<p class=\"has-text-align-center\"><strong>POJEMNIK NA PAPIER<\/strong><\/p>\n\n\n\n<p>&nbsp;&nbsp;&nbsp;&nbsp;&nbsp;&nbsp;&nbsp;&nbsp;&nbsp;&nbsp;&nbsp;&nbsp;&nbsp;&nbsp;&nbsp;&nbsp; <strong>wyrzucamy&nbsp;<\/strong><\/p>\n\n\n\n<ul class=\"wp-block-list\">\n<li>opakowania z papieru, karton, tektur\u0119 (tak\u017ce falist\u0105)<\/li>\n\n\n\n<li>katalogi, ulotki, prospekty<\/li>\n\n\n\n<li>gazety i czasopisma<\/li>\n\n\n\n<li>papier szkolny i biurowy, zadrukowane kartki<\/li>\n\n\n\n<li>zeszyty i ksi\u0105\u017cki<\/li>\n\n\n\n<li>papier pakowy<\/li>\n\n\n\n<li>torby i worki papierowe<\/li>\n<\/ul>\n\n\n\n<p><strong>&nbsp;&nbsp;&nbsp;&nbsp;&nbsp;&nbsp;&nbsp;&nbsp;&nbsp;&nbsp;&nbsp;&nbsp;&nbsp;&nbsp;&nbsp;&nbsp;&nbsp;&nbsp;&nbsp;&nbsp;&nbsp;&nbsp;&nbsp;&nbsp;&nbsp;&nbsp;&nbsp;nie wrzucamy<\/strong><\/p>\n\n\n\n<ul class=\"wp-block-list\">\n<li>r\u0119cznik\u00f3w papierowych i zu\u017cytych chusteczek higienicznych &#8211; do zmieszanych<\/li>\n\n\n\n<li>papieru lakierowanego i powleczonego foli\u0105 &#8211; do zmieszanych<\/li>\n\n\n\n<li>papieru zat\u0142uszczonego lub mocno zabrudzonego &#8211; do zmieszanych<\/li>\n\n\n\n<li>karton\u00f3w po mleku i napojach &#8211; metale i tworzywa sztuczne<\/li>\n\n\n\n<li>papierowych work\u00f3w po nawozach, cemencie i innych materia\u0142ach budowlanych &#8211; do zmieszanych<\/li>\n\n\n\n<li>tapet &#8211; do zmieszanych<\/li>\n\n\n\n<li>paragon\u00f3w &#8211; do zmieszanych<\/li>\n\n\n\n<li>pieluch jednorazowych i&nbsp;innych materia\u0142\u00f3w higienicznych &#8211; do zmieszanych<\/li>\n\n\n\n<li>zat\u0142uszczonych jednorazowych opakowa\u0144 z papieru i naczy\u0144 jednorazowych &#8211; do zmieszanych<\/li>\n<\/ul>\n\n\n\n<p><span style=\"background-color:rgba(0, 0, 0, 0);color:#fb0328\" class=\"has-inline-color\"><strong>UWAGA!<\/strong><br>Nigdy <strong>nie wyrzucaj<\/strong> odpad\u00f3w <strong>problemowych, budowlanych i niebezpiecznych<\/strong> do&nbsp;<strong>odpad\u00f3w zmieszanych<\/strong><\/span>. <strong><span style=\"background-color:rgba(0, 0, 0, 0);color:#fb0818\" class=\"has-inline-color\">Odpady tego typu wywozimy z terenu ROD na w\u0142asny koszt.<\/span><\/strong><\/p>\n\n\n\n<p><strong>Do <span style=\"color:#a30036\" class=\"has-inline-color\">odpad\u00f3w problemowych <\/span>&#8211; zaliczamy<\/strong>:<\/p>\n\n\n\n<p>1.&nbsp;&nbsp;&nbsp;&nbsp;&nbsp;&nbsp;&nbsp;&nbsp; <strong>Meble i inne odpady wielkogabarytowe<\/strong>\u2013 to odpady komunalne, kt\u00f3re ze wzgl\u0119du na sw\u00f3j rozmiar lub wag\u0119 nie mog\u0105 by\u0107 umieszczane w pojemnikach przeznaczonych do zbierania zmieszanych odpad\u00f3w komunalnych, w szczeg\u00f3lno\u015bci: <strong>sto\u0142y, szafki, szafy, krzes\u0142a, komody, meble kuchenne, kanapy, \u0142\u00f3\u017cka, tapczany, rega\u0142y, w\u00f3zki dzieci\u0119ce i inwalidzkie, dywany, wyk\u0142adziny, rowery<\/strong>.<\/p>\n\n\n\n<p>2.&nbsp;&nbsp;&nbsp;&nbsp;&nbsp;&nbsp;&nbsp;&nbsp; <strong>Zu\u017cyty sprz\u0119t pochodz\u0105cy z gospodarstw domowych<\/strong>\u2013 to zu\u017cyty sprz\u0119t elektryczny i elektroniczny w rozumieniu art. 4 pkt 25, Ustawy z dnia 11 wrze\u015bnia 2015 r. o zu\u017cytym sprz\u0119cie elektrycznym&nbsp; i&nbsp; elektronicznym&nbsp; (t.j. Dz. U.&nbsp; z&nbsp; 2018 r.,&nbsp; poz.&nbsp; 1466 ze&nbsp; zm.),&nbsp; na przyk\u0142ad:<\/p>\n\n\n\n<p>\u25cf&nbsp;&nbsp;&nbsp;&nbsp;&nbsp;&nbsp;&nbsp;&nbsp; Wielkogabarytowy sprz\u0119t gospodarstwa domowego, <strong>np. pralki, zmywarki, kuchenki, suszarki do ubra\u0144, mikrofal\u00f3wki, grzejniki elektryczne, wentylatory elektryczne, urz\u0105dzenia klimatyzacyjne itd<\/strong>.<\/p>\n\n\n\n<p>\u25cf&nbsp;&nbsp;&nbsp;&nbsp;&nbsp;&nbsp;&nbsp;&nbsp; Ma\u0142ogabarytowy sprz\u0119t gospodarstwa domowego, np. odkurzacze, tostery, \u017celazka, no\u017ce elektryczne, frytkownice, urz\u0105dzenia do piel\u0119gnacji w\u0142os\u00f3w i cia\u0142a, wagi, laptopy, notebooki, myszki, komputery, telefony, radia, telewizory, kamery, wideo, sprz\u0119t hi-fi, itd.<\/p>\n\n\n\n<p>3.&nbsp;&nbsp;&nbsp;&nbsp;&nbsp;&nbsp;&nbsp;&nbsp; <strong>Zu\u017cyte opony<\/strong>\u2013 pochodz\u0105ce od mieszka\u0144c\u00f3w zu\u017cyte opony rowerowe i samochodowe z pojazd\u00f3w o masie ca\u0142kowitej do 3,5 t.<\/p>\n\n\n\n<p><strong>Do <span style=\"color:#a3002c\" class=\"has-inline-color\">odpad\u00f3w niebezpiecznych<\/span> zaliczamy:<\/strong><\/p>\n\n\n\n<p>&nbsp;m. in. <strong>rozpuszczalnik<\/strong>i<strong>, kwasy, alkalia<\/strong>, odczynniki fotograficzne, <strong>\u015brodki ochrony ro\u015blin<\/strong>, lampy fluorescencyjne i&nbsp;inne <strong>odpady zawieraj\u0105ce rt\u0119\u0107<\/strong>, <strong>urz\u0105dzenia zawieraj\u0105ce freony<\/strong>, <strong>farby<\/strong>, tusze, farby drukarskie, <strong>kleje, lepiszcze&nbsp;i \u017cywice<\/strong> zawieraj\u0105ce substancje niebezpieczne, detergenty zawieraj\u0105ce substancje niebezpieczne, <strong>baterie i&nbsp;akumulatory<\/strong>.<\/p>\n\n\n\n<p><strong>Do <span style=\"color:#fd0623\" class=\"has-inline-color\">odpad\u00f3w budowlanych, poremontowych lub rozbi\u00f3rkowych <\/span>zaliczamy:<\/strong><\/p>\n\n\n\n<p>m. in. <strong>resztki glazury i terakoty, gruz betonowy, ceramiczny oraz ceglany, pozosta\u0142o\u015bci tapet, paneli pod\u0142ogowych, wyk\u0142adzin, resztki p\u0142yt gipsowo-kartonowych, styropian i inne pozosta\u0142o\u015bci<\/strong> po budowie.<\/p>\n\n\n\n<p><strong><span style=\"color:#a30014\" class=\"has-inline-color\">Odpady te mo\u017cna odda\u0107 w PSZOK-ach lub wyznaczonych punktach np. w sklepach.<\/span><\/strong><\/p>\n\n\n\n<p><strong>Pozna\u0144, ul. 28 Czerwca 1956 r. nr 284 &nbsp;&nbsp;&nbsp;&nbsp;&nbsp;&nbsp; &nbsp;tel: 61 833 22 12<\/strong><\/p>\n\n\n\n<p>&#8211; od poniedzia\u0142ku do pi\u0105tku&nbsp; w godzinach od 8:00 do 17:00<\/p>\n\n\n\n<p>&#8211; w soboty od 7:00 do 14:30<\/p>\n\n\n\n<p><strong>Pozna\u0144, ul. Wrzesi\u0144ska 12 &nbsp; tel: 61 611 08 11<\/strong><\/p>\n\n\n\n<p>&#8211; od poniedzia\u0142ku do pi\u0105tku&nbsp; w godzinach od 8:00 do 17:00<\/p>\n\n\n\n<p>&#8211; w soboty od 7:00 do 14:30<\/p>\n\n\n\n<p><strong>Suchy Las, ul. Meteorytowa 1&nbsp;&nbsp;&nbsp;&nbsp;&nbsp;&nbsp;&nbsp;&nbsp; tel: 61 811 96 67<\/strong><\/p>\n\n\n\n<p>&#8211; od poniedzia\u0142ku do pi\u0105tku&nbsp; w godzinach od 7:00 do 20:00<\/p>\n\n\n\n<p>&#8211; w soboty od 7:00 do 14:30<\/p>\n","protected":false},"excerpt":{"rendered":"<p>1. Dane korespondencyjne i kontaktowe nale\u017cy zg\u0142asza\u0107 po ka\u017cdej zmianie 2. Op\u0142at\u0119 roczn\u0105 ogrodow\u0105 nale\u017cy ui\u015bci\u0107 do 30 czerwca, koszty ZA PR\u0104D I WOD\u0118 po odczycie do ko\u0144ca Grudnia ( potem naliczane s\u0105 odsetki). 4. Na terenie ROD ruch SAMOCHODOWY odbywa z zachowaniem&nbsp; ZASADY prawej strony i ograniczeniem pr\u0119dko\u015bci do 10 km\/h. 6. \u015aMIECI PODLEGAJ\u0104 [&hellip;]<\/p>\n","protected":false},"author":1,"featured_media":0,"parent":3421,"menu_order":1,"comment_status":"closed","ping_status":"closed","template":"","meta":{"footnotes":""},"class_list":["post-2690","page","type-page","status-publish","hentry"],"_links":{"self":[{"href":"https:\/\/zwirkiiwigury2.pl\/index.php?rest_route=\/wp\/v2\/pages\/2690","targetHints":{"allow":["GET"]}}],"collection":[{"href":"https:\/\/zwirkiiwigury2.pl\/index.php?rest_route=\/wp\/v2\/pages"}],"about":[{"href":"https:\/\/zwirkiiwigury2.pl\/index.php?rest_route=\/wp\/v2\/types\/page"}],"author":[{"embeddable":true,"href":"https:\/\/zwirkiiwigury2.pl\/index.php?rest_route=\/wp\/v2\/users\/1"}],"replies":[{"embeddable":true,"href":"https:\/\/zwirkiiwigury2.pl\/index.php?rest_route=%2Fwp%2Fv2%2Fcomments&post=2690"}],"version-history":[{"count":14,"href":"https:\/\/zwirkiiwigury2.pl\/index.php?rest_route=\/wp\/v2\/pages\/2690\/revisions"}],"predecessor-version":[{"id":3810,"href":"https:\/\/zwirkiiwigury2.pl\/index.php?rest_route=\/wp\/v2\/pages\/2690\/revisions\/3810"}],"up":[{"embeddable":true,"href":"https:\/\/zwirkiiwigury2.pl\/index.php?rest_route=\/wp\/v2\/pages\/3421"}],"wp:attachment":[{"href":"https:\/\/zwirkiiwigury2.pl\/index.php?rest_route=%2Fwp%2Fv2%2Fmedia&parent=2690"}],"curies":[{"name":"wp","href":"https:\/\/api.w.org\/{rel}","templated":true}]}}