{"id":3411,"date":"2023-11-04T20:56:00","date_gmt":"2023-11-04T19:56:00","guid":{"rendered":"https:\/\/zwirkiiwigury2.pl\/?page_id=3411"},"modified":"2026-02-12T08:18:17","modified_gmt":"2026-02-12T07:18:17","slug":"2023-2","status":"publish","type":"page","link":"https:\/\/zwirkiiwigury2.pl\/?page_id=3411","title":{"rendered":"2023"},"content":{"rendered":"\n<h4 class=\"wp-block-heading\" id=\"block-a3921582-e6df-46fb-9948-bd3a3966b9fc\"><strong>Op\u0142ata ogrodowa za rok 2022 uchwalona na Walnym Zebraniu dnia 21.05.2022r<\/strong>:<\/h4>\n\n\n\n<h4 class=\"wp-block-heading\" id=\"block-a3921582-e6df-46fb-9948-bd3a3966b9fc\"><strong>WYSOKO\u015a\u0106 OP\u0141ATY OGRODOWEJ UZALE\u017bNIONA JEST&nbsp; OD M\u00b2 DANEJ DZIA\u0141<\/strong>KI<\/h4>\n\n\n\n<p>\u25c4 Sk\u0142adka cz\u0142onkowska w PZD&nbsp; &nbsp; &nbsp; &nbsp; &nbsp; &nbsp; &nbsp; &nbsp; &nbsp; &nbsp; &nbsp; &nbsp; &nbsp; &nbsp; &nbsp; &nbsp; &nbsp; &nbsp; &nbsp; &nbsp; &nbsp; &nbsp; &nbsp; &nbsp; &nbsp; &nbsp; &nbsp;     &nbsp; &#8211; 6,00 z\u0142<br>\u25c4 Op\u0142ata ogrodowa \/ 1,60 x &nbsp;&#8230;&#8230;. m\u00b2&nbsp; &nbsp; &nbsp; &nbsp; &nbsp; &nbsp; &nbsp; &nbsp; &nbsp; &nbsp;&nbsp; &nbsp; &nbsp; &nbsp; &nbsp; &nbsp; &nbsp; &nbsp; &nbsp;&nbsp;&nbsp; &nbsp; \u2026\u2026\u2026\u2026..\u2026\u2026..         <em>w tym partycypacja 0,10 z\u0142 do OZ PZD&nbsp;<\/em> &nbsp; &nbsp;<\/p>\n\n\n\n<p>\u25c4 Wyw\u00f3z odpad\u00f3w komunalnych\u00a0 \u00a0 \u00a0 \u00a0 \u00a0 \u00a0 \u00a0 \u00a0 \u00a0 \u00a0 \u00a0 \u00a0 \u00a0 \u00a0 \u00a0 \u00a0 \u00a0 \u00a0 \u00a0 \u00a0 \u00a0 \u00a0 \u00a0 \u00a0 \u00a0 &#8211; 280,00 z\u0142<\/p>\n\n\n\n<p>&#8212;&#8212;&#8212;&#8212;&#8212;&#8212;&#8212;&#8212;&#8212;&#8212;&#8212;&#8212;&#8212;&#8212;&#8212;&#8212;&#8212;&#8212;&#8212;&#8212;&#8212;&#8212;&#8212;&#8212;&#8212;&#8212;&#8212;&#8212;&#8212;&#8212;<\/p>\n\n\n\n<p id=\"block-8d1f9bf9-6ce5-4e54-9601-aea1ef40bc24\">\u00a0 \u00a0 \u00a0 \u00a0 \u00a0 \u00a0 \u00a0 \u00a0 \u00a0 \u00a0 \u00a0 \u00a0 \u00a0 \u00a0 \u00a0 \u00a0 \u00a0 \u00a0 \u00a0 \u00a0 \u00a0 \u00a0 \u00a0 \u00a0 \u00a0 \u00a0 \u00a0 \u00a0 \u00a0 \u00a0 \u00a0 \u00a0 \u00a0 \u00a0 \u00a0 \u00a0 \u00a0 \u00a0 \u00a0 \u00a0\u0141\u0105cznie: \u00a0\u00a0\u00a0\u00a0\u2026\u2026\u2026\u2026\u2026\u2026\u2026\u2026\u2026<\/p>\n\n\n\n<p id=\"block-af418b68-be2c-49bd-86a1-2d930a16ec87\">Op\u0142ata ogrodowa&nbsp;<strong>wodna&nbsp; &nbsp; &nbsp; &nbsp; &nbsp; &nbsp; &nbsp; &nbsp; &nbsp; \u2013 1,50 z\u0142 \/ m\u00b3<\/strong>&nbsp;\u2022<\/p>\n\n\n\n<p id=\"block-ed8a4206-0240-489d-af20-83c9ff02910e\"><strong>Termin wnoszenie op\u0142at za dzia\u0142k\u0119 do 30 czerwca 2023 roku\u00a0<\/strong><br><strong>Za zu\u017cyt\u0105 energi\u0119 oraz wod\u0119 <\/strong>po rozliczeniu licznik\u00f3w wg wskazania<\/p>\n\n\n\n<p id=\"block-c31ffb55-bbaa-4c23-b6ae-a9ec461f7aa4\"><strong>Wp\u0142aty nale\u017cy dokonywa\u0107 przede wszystkim na rachunek bankowy<\/strong><\/p>\n\n\n\n<p id=\"block-d1ff144d-9561-4217-bd8f-9c1069b5d5d3\"><strong>ROD im. \u017bwirki i Wigury II w Poznaniu. Pozna\u0144ski Bank Sp\u00f3\u0142dzielczy z dopisanym nr. dzia\u0142ki<\/strong> i <strong>nazwisko dzia\u0142kowca<\/strong><\/p>\n\n\n\n<h2 class=\"wp-block-heading\" id=\"block-0de7f96c-9238-4fb1-8721-1c7665e4c081\">71 9043 1070 2070 0010 0579 0001<\/h2>\n","protected":false},"excerpt":{"rendered":"<p>Op\u0142ata ogrodowa za rok 2022 uchwalona na Walnym Zebraniu dnia 21.05.2022r: WYSOKO\u015a\u0106 OP\u0141ATY OGRODOWEJ UZALE\u017bNIONA JEST&nbsp; OD M\u00b2 DANEJ DZIA\u0141KI \u25c4 Sk\u0142adka cz\u0142onkowska w PZD&nbsp; &nbsp; &nbsp; &nbsp; &nbsp; &nbsp; &nbsp; &nbsp; &nbsp; &nbsp; &nbsp; &nbsp; &nbsp; &nbsp; &nbsp; &nbsp; &nbsp; &nbsp; &nbsp; &nbsp; &nbsp; &nbsp; &nbsp; &nbsp; &nbsp; &nbsp; &nbsp; &nbsp; &#8211; 6,00 z\u0142\u25c4 [&hellip;]<\/p>\n","protected":false},"author":1,"featured_media":0,"parent":3393,"menu_order":9,"comment_status":"closed","ping_status":"closed","template":"","meta":{"footnotes":""},"class_list":["post-3411","page","type-page","status-publish","hentry"],"_links":{"self":[{"href":"https:\/\/zwirkiiwigury2.pl\/index.php?rest_route=\/wp\/v2\/pages\/3411","targetHints":{"allow":["GET"]}}],"collection":[{"href":"https:\/\/zwirkiiwigury2.pl\/index.php?rest_route=\/wp\/v2\/pages"}],"about":[{"href":"https:\/\/zwirkiiwigury2.pl\/index.php?rest_route=\/wp\/v2\/types\/page"}],"author":[{"embeddable":true,"href":"https:\/\/zwirkiiwigury2.pl\/index.php?rest_route=\/wp\/v2\/users\/1"}],"replies":[{"embeddable":true,"href":"https:\/\/zwirkiiwigury2.pl\/index.php?rest_route=%2Fwp%2Fv2%2Fcomments&post=3411"}],"version-history":[{"count":3,"href":"https:\/\/zwirkiiwigury2.pl\/index.php?rest_route=\/wp\/v2\/pages\/3411\/revisions"}],"predecessor-version":[{"id":3685,"href":"https:\/\/zwirkiiwigury2.pl\/index.php?rest_route=\/wp\/v2\/pages\/3411\/revisions\/3685"}],"up":[{"embeddable":true,"href":"https:\/\/zwirkiiwigury2.pl\/index.php?rest_route=\/wp\/v2\/pages\/3393"}],"wp:attachment":[{"href":"https:\/\/zwirkiiwigury2.pl\/index.php?rest_route=%2Fwp%2Fv2%2Fmedia&parent=3411"}],"curies":[{"name":"wp","href":"https:\/\/api.w.org\/{rel}","templated":true}]}}