{"id":3487,"date":"2023-11-22T19:49:43","date_gmt":"2023-11-22T18:49:43","guid":{"rendered":"https:\/\/zwirkiiwigury2.pl\/?page_id=3487"},"modified":"2025-04-13T15:47:24","modified_gmt":"2025-04-13T13:47:24","slug":"2023-2","status":"publish","type":"page","link":"https:\/\/zwirkiiwigury2.pl\/?page_id=3487","title":{"rendered":"2023"},"content":{"rendered":"\n<p>Dnia 23.04.2023r. odby\u0142o si\u0119 Walne Zebranie na kt\u00f3rym by\u0142o <strong>116<\/strong> os\u00f3b co stanowi 11 % wszystkich Dzia\u0142kowc\u00f3w.<\/p>\n\n\n\n<p>Na Zebraniu przeg\u0142osowano op\u0142aty roczne na 2023r. za dzia\u0142k\u0119:<\/p>\n\n\n\n<p>Sk\u0142adka cz\u0142onkowska &#8211; 6z\u0142.<\/p>\n\n\n\n<p>Op\u0142ata ogrodowa &#8211; 1.60z\u0142 \/m2<\/p>\n\n\n\n<p>Op\u0142ata za wyw\u00f3z \u015bmieci &#8211; 280z\u0142 (od dzia\u0142ki)<\/p>\n\n\n\n<p><strong>Zosta\u0142y przeg\u0142osowane nast\u0119puj\u0105ce inwestycje na rok 2023r.<\/strong><\/p>\n\n\n\n<ol class=\"wp-block-list\">\n<li>Rozbudowa o\u015bwietlenia na naszym ROD.<\/li>\n\n\n\n<li>Brama automatyczna od ul. 5 Stycznia.<\/li>\n\n\n\n<li>Przebudowa podjazdu do wody pitnej i \u015bmietnika od 5 Stycznia.<\/li>\n\n\n\n<li>Rozbudowa placu zabaw.<\/li>\n\n\n\n<li>Gara\u017c z podmur\u00f3wk\u0105 dla traktorka i r\u0119baka.<\/li>\n<\/ol>\n\n\n\n<p><strong>Nie przeg\u0142osowano rozbudowy p\u0142otu od ul. Bukowskiej.<\/strong><\/p>\n","protected":false},"excerpt":{"rendered":"<p>Dnia 23.04.2023r. odby\u0142o si\u0119 Walne Zebranie na kt\u00f3rym by\u0142o 116 os\u00f3b co stanowi 11 % wszystkich Dzia\u0142kowc\u00f3w. Na Zebraniu przeg\u0142osowano op\u0142aty roczne na 2023r. za dzia\u0142k\u0119: Sk\u0142adka cz\u0142onkowska &#8211; 6z\u0142. Op\u0142ata ogrodowa &#8211; 1.60z\u0142 \/m2 Op\u0142ata za wyw\u00f3z \u015bmieci &#8211; 280z\u0142 (od dzia\u0142ki) Zosta\u0142y przeg\u0142osowane nast\u0119puj\u0105ce inwestycje na rok 2023r. Nie przeg\u0142osowano rozbudowy p\u0142otu od [&hellip;]<\/p>\n","protected":false},"author":1,"featured_media":0,"parent":3406,"menu_order":8,"comment_status":"closed","ping_status":"closed","template":"","meta":{"footnotes":""},"class_list":["post-3487","page","type-page","status-publish","hentry"],"_links":{"self":[{"href":"https:\/\/zwirkiiwigury2.pl\/index.php?rest_route=\/wp\/v2\/pages\/3487","targetHints":{"allow":["GET"]}}],"collection":[{"href":"https:\/\/zwirkiiwigury2.pl\/index.php?rest_route=\/wp\/v2\/pages"}],"about":[{"href":"https:\/\/zwirkiiwigury2.pl\/index.php?rest_route=\/wp\/v2\/types\/page"}],"author":[{"embeddable":true,"href":"https:\/\/zwirkiiwigury2.pl\/index.php?rest_route=\/wp\/v2\/users\/1"}],"replies":[{"embeddable":true,"href":"https:\/\/zwirkiiwigury2.pl\/index.php?rest_route=%2Fwp%2Fv2%2Fcomments&post=3487"}],"version-history":[{"count":2,"href":"https:\/\/zwirkiiwigury2.pl\/index.php?rest_route=\/wp\/v2\/pages\/3487\/revisions"}],"predecessor-version":[{"id":3490,"href":"https:\/\/zwirkiiwigury2.pl\/index.php?rest_route=\/wp\/v2\/pages\/3487\/revisions\/3490"}],"up":[{"embeddable":true,"href":"https:\/\/zwirkiiwigury2.pl\/index.php?rest_route=\/wp\/v2\/pages\/3406"}],"wp:attachment":[{"href":"https:\/\/zwirkiiwigury2.pl\/index.php?rest_route=%2Fwp%2Fv2%2Fmedia&parent=3487"}],"curies":[{"name":"wp","href":"https:\/\/api.w.org\/{rel}","templated":true}]}}