{"id":3782,"date":"2024-04-14T17:53:52","date_gmt":"2024-04-14T15:53:52","guid":{"rendered":"https:\/\/zwirkiiwigury2.pl\/?page_id=3782"},"modified":"2025-04-13T15:47:41","modified_gmt":"2025-04-13T13:47:41","slug":"3782-2","status":"publish","type":"page","link":"https:\/\/zwirkiiwigury2.pl\/?page_id=3782","title":{"rendered":"2024"},"content":{"rendered":"<p><strong>Uchwa\u0142y podj\u0119te na Walnym Zebraniu Sprawozdawczo-Wyborczym kt\u00f3re odby\u0142o si\u0119 14.04.2024<\/strong><\/p>\r\n<ol type=\"1\">\r\n<li>Uchwa\u0142a nr 1 &#8211; Zatwierdzenia sprawozdania z dzia\u0142alno\u015bci za rok 2023.<\/li>\r\n<li>Uchwa\u0142a nr 2 &#8211; Zatwierdzenia sprawozdania z dzia\u0142alno\u015bci \u00a0\u00a0Zarz\u0105du ROD za okres kadencji.<\/li>\r\n<!-- \/wp:post-content -->\r\n\r\n<!-- wp:list-item -->\r\n<li>Uchwa\u0142a nr 3 &#8211; Zatwierdzenia sprawozdania finansowego za 2023 rok.<\/li>\r\n<li>Uchwa\u0142a nr 4 &#8211; Udzielenie absolutorium Zarz\u0105dowi odchodz\u0105cemu.<\/li>\r\n<!-- \/wp:list-item -->\r\n\r\n<!-- wp:list-item -->\r\n<li>Uchwa\u0142a nr 5 &#8211; Zatwierdzenia sprawozdania Komisji Rewizyjnej ROD za 2023 rok<\/li>\r\n<li>Uchwa\u0142a nr 6 &#8211; Zatwierdzenia sprawozdania Komisji Rewizyjnej ROD za okres kadencji.<\/li>\r\n<li>Uchwa\u0142a nr 15 &#8211; Zatwierdzenie planu pracy na rok 2024 &#8211; 2028.<\/li>\r\n<li>Uchwa\u0142a nr 7 &#8211; Zatwierdzenie \u015bwiadcze\u0144 pieni\u0119\u017cnych i dzia\u0142alno\u015bci spo\u0142ecznej<\/li>\r\n<!-- \/wp:list-item -->\r\n\r\n<!-- wp:list-item -->\r\n<li>Uchwa\u0142a nr 8 &#8211; Wysoko\u015bci op\u0142aty ogrodowej i terminu wnoszenia w roku 2021<\/li>\r\n<!-- \/wp:list-item -->\r\n\r\n<!-- wp:list-item \/-->\r\n\r\n<!-- wp:list-item \/-->\r\n\r\n<!-- wp:list-item -->\r\n<li>Uchwa\u0142a nr 9 &#8211; Wysoko\u015bci i terminu wnoszenia op\u0142aty za wyw\u00f3z \u015bmieci z terenu ROD w 2024 roku.<\/li>\r\n<!-- \/wp:list-item -->\r\n\r\n<!-- wp:list-item -->\r\n<li>Uchwa\u0142a nr 10 &#8211; Monta\u017c nowych lamp solarnych i ledowych.<\/li>\r\n<!-- \/wp:list-item -->\r\n\r\n<!-- wp:list-item -->\r\n<li>Uchwa\u0142a nr 11 &#8211; Monta\u017c prog\u00f3w zwalniaj\u0105cych na szerokich alejach.<\/li>\r\n<!-- \/wp:list-item -->\r\n\r\n<!-- wp:list-item -->\r\n<li>Uchwa\u0142a nr 12 &#8211; Wykonanie si\u0142owni zewn\u0119trznej sk\u0142adaj\u0105cej\u00a0 si\u0119 z czterech stanowisk.<\/li>\r\n<li>Uchwa\u0142a nr 13 &#8211; Remont domku gospodarczego od ul. 5 Stycznia.<\/li>\r\n<li>Uchwa\u0142a nr 14 &#8211; zgoda na wystawienie wniosku o uzyskanie dotacji z OZ PZD na wykonanie lamp solarnych i ledowych. (dofinansowanie w wysoko\u015bci 10 ty\u015b. z\u0142. na wykonanie uchwa\u0142y nr 10)<\/li>\r\n<!-- \/wp:list-item -->\r\n\r\n<!-- wp:list-item -->\r\n<li>Uchwa\u0142a nr 16 &#8211; zatwierdzenie Preliminarzy finansowych na 2024 rok.<\/li>\r\n<li>Uchwa\u0142a nr 17 &#8211; Ustalenie liczby cz\u0142onk\u00f3w Zarz\u0105du na 5 os\u00f3b\u00a0 i Komisji Rewizyjnej na 3 osoby<\/li>\r\n<li>Uchwa\u0142a nr 18 &#8211; WYBORY do Zarz\u0105du, Komisji Rewizyjnej i Delegat\u00f3w na Okr\u0119gowy\u00a0 Zjazd\u00a0 Delegat\u00f3w PZD<\/li>\r\n<li>Uchwa\u0142a nr 19 &#8211; Udzielenie pozwolenia na wykonanie plan\u00f3w i kosztorysu nowej sieci wodoci\u0105gowej.<\/li>\r\n<li>Uchwa\u0142a nr 20 &#8211; Wjazd i parkowanie na terenie swojej dzia\u0142ki\u00a0 &#8211; <strong>uchwa\u0142a nie zatwierdzona\u00a0<\/strong><\/li>\r\n<li>Uchwa\u0142a\u00a0 nr 21 &#8211; Otwarcie bram\u00a0 w soboty w godz.: 8:00 do 13:00<\/li>\r\n<\/ol>","protected":false},"excerpt":{"rendered":"<p>Uchwa\u0142y podj\u0119te na Walnym Zebraniu Sprawozdawczo-Wyborczym kt\u00f3re odby\u0142o si\u0119 14.04.2024 Uchwa\u0142a nr 1 &#8211; Zatwierdzenia sprawozdania z dzia\u0142alno\u015bci za rok 2023. Uchwa\u0142a nr 2 &#8211; Zatwierdzenia sprawozdania z dzia\u0142alno\u015bci \u00a0\u00a0Zarz\u0105du ROD za okres kadencji. Uchwa\u0142a nr 3 &#8211; Zatwierdzenia sprawozdania finansowego za 2023 rok. Uchwa\u0142a nr 4 &#8211; Udzielenie absolutorium Zarz\u0105dowi odchodz\u0105cemu. Uchwa\u0142a nr 5 [&hellip;]<\/p>\n","protected":false},"author":1,"featured_media":0,"parent":3406,"menu_order":7,"comment_status":"closed","ping_status":"closed","template":"","meta":{"footnotes":""},"class_list":["post-3782","page","type-page","status-publish","hentry"],"_links":{"self":[{"href":"https:\/\/zwirkiiwigury2.pl\/index.php?rest_route=\/wp\/v2\/pages\/3782","targetHints":{"allow":["GET"]}}],"collection":[{"href":"https:\/\/zwirkiiwigury2.pl\/index.php?rest_route=\/wp\/v2\/pages"}],"about":[{"href":"https:\/\/zwirkiiwigury2.pl\/index.php?rest_route=\/wp\/v2\/types\/page"}],"author":[{"embeddable":true,"href":"https:\/\/zwirkiiwigury2.pl\/index.php?rest_route=\/wp\/v2\/users\/1"}],"replies":[{"embeddable":true,"href":"https:\/\/zwirkiiwigury2.pl\/index.php?rest_route=%2Fwp%2Fv2%2Fcomments&post=3782"}],"version-history":[{"count":5,"href":"https:\/\/zwirkiiwigury2.pl\/index.php?rest_route=\/wp\/v2\/pages\/3782\/revisions"}],"predecessor-version":[{"id":3804,"href":"https:\/\/zwirkiiwigury2.pl\/index.php?rest_route=\/wp\/v2\/pages\/3782\/revisions\/3804"}],"up":[{"embeddable":true,"href":"https:\/\/zwirkiiwigury2.pl\/index.php?rest_route=\/wp\/v2\/pages\/3406"}],"wp:attachment":[{"href":"https:\/\/zwirkiiwigury2.pl\/index.php?rest_route=%2Fwp%2Fv2%2Fmedia&parent=3782"}],"curies":[{"name":"wp","href":"https:\/\/api.w.org\/{rel}","templated":true}]}}