{"id":5378,"date":"2026-04-26T18:39:48","date_gmt":"2026-04-26T16:39:48","guid":{"rendered":"https:\/\/zwirkiiwigury2.pl\/?page_id=5378"},"modified":"2026-04-26T19:32:07","modified_gmt":"2026-04-26T17:32:07","slug":"2026-2","status":"publish","type":"page","link":"https:\/\/zwirkiiwigury2.pl\/?page_id=5378","title":{"rendered":"2026"},"content":{"rendered":"<p><strong>Uchwa\u0142y podj\u0119te na Walnym Zebraniu Sprawozdawczo-Wyborczym kt\u00f3re odby\u0142o si\u0119 26.04.2026 r<\/strong><\/p>\r\n<ol type=\"1\">\r\n<li>Uchwa\u0142a nr 1 &#8211; Zatwierdzenia sprawozdania z dzia\u0142alno\u015bci Zarzadu za rok 2025 rok<\/li>\r\n<!-- \/wp:post-content -->\r\n\r\n<!-- wp:list-item -->\r\n<li>Uchwa\u0142a nr 2 &#8211; Zatwierdzenia sprawozdania finansowego za 2025 rok.<\/li>\r\n<!-- \/wp:list-item -->\r\n\r\n<!-- wp:list-item -->\r\n<li>Uchwa\u0142a nr 3 &#8211; Zatwierdzenia sprawozdania Komisji Rewizyjnej ROD za 2025 rok.<\/li>\r\n<li>Uchwa\u0142a nr 4 &#8211; Zatwierdzenia planu pracy Zarz\u0105du na rok 2026.<\/li>\r\n<li>Uchwala nr 5 &#8211; Ustalenia kwoty na\u00a0 \u015bwiadczenia pieni\u0119\u017cne na dzia\u0142alno\u015b\u0107 statutow\u0105 i dzia\u0142alno\u015b\u0107 spo\u0142eczn\u0105.<\/li>\r\n<li>Uchwa\u0142a nr 6 &#8211; Dotycz\u0105ca wysoko\u015bci op\u0142aty ogrodowej i terminu wnoszenia w roku 2026<\/li>\r\n<li>Uchwa\u0142a nr 7 &#8211; Dotycz\u0105ca wysoko\u015bci i terminu wnoszenia op\u0142aty wodnej w 2026 roku<\/li>\r\n<li>Uchwa\u0142a nr 8- Dotycz\u0105ca wysoko\u015bci i terminu wnoszenia op\u0142aty za wyw\u00f3z \u015bmieci I odpad\u00f3w zielonych z terenu ROD w 2026 roku.<\/li>\r\n<li>Uchwa\u0142a nr 9 &#8211; Remont hydroforni w roku 2026.<\/li>\r\n<li>Uchwa\u0142a nr 10 &#8211; Monta\u017c nowych lamp solarnych ledowych-\u00a0 na wniosek dzia\u0142kowc\u00f3w zmiana ilosci nowych lamp do zamontowania.<\/li>\r\n<li>Uchwa\u0142a nr 11 &#8211; Udzielenie upowa\u017cnienia Zarz\u0105dowi na wyst\u0105pienie o dofinansowanie inwestycji\u00a0 wysoko\u015bci 10 000 z\u0142.<\/li>\r\n<li>Uchwa\u0142a nr 12 &#8211; Zatwierdzenie Preliminarzy Finansowych na 2026 rok.<\/li>\r\n<\/ol>","protected":false},"excerpt":{"rendered":"<p>Uchwa\u0142y podj\u0119te na Walnym Zebraniu Sprawozdawczo-Wyborczym kt\u00f3re odby\u0142o si\u0119 26.04.2026 r Uchwa\u0142a nr 1 &#8211; Zatwierdzenia sprawozdania z dzia\u0142alno\u015bci Zarzadu za rok 2025 rok Uchwa\u0142a nr 2 &#8211; Zatwierdzenia sprawozdania finansowego za 2025 rok. Uchwa\u0142a nr 3 &#8211; Zatwierdzenia sprawozdania Komisji Rewizyjnej ROD za 2025 rok. Uchwa\u0142a nr 4 &#8211; Zatwierdzenia planu pracy Zarz\u0105du na [&hellip;]<\/p>\n","protected":false},"author":1,"featured_media":0,"parent":3406,"menu_order":0,"comment_status":"closed","ping_status":"closed","template":"","meta":{"footnotes":""},"class_list":["post-5378","page","type-page","status-publish","hentry"],"_links":{"self":[{"href":"https:\/\/zwirkiiwigury2.pl\/index.php?rest_route=\/wp\/v2\/pages\/5378","targetHints":{"allow":["GET"]}}],"collection":[{"href":"https:\/\/zwirkiiwigury2.pl\/index.php?rest_route=\/wp\/v2\/pages"}],"about":[{"href":"https:\/\/zwirkiiwigury2.pl\/index.php?rest_route=\/wp\/v2\/types\/page"}],"author":[{"embeddable":true,"href":"https:\/\/zwirkiiwigury2.pl\/index.php?rest_route=\/wp\/v2\/users\/1"}],"replies":[{"embeddable":true,"href":"https:\/\/zwirkiiwigury2.pl\/index.php?rest_route=%2Fwp%2Fv2%2Fcomments&post=5378"}],"version-history":[{"count":7,"href":"https:\/\/zwirkiiwigury2.pl\/index.php?rest_route=\/wp\/v2\/pages\/5378\/revisions"}],"predecessor-version":[{"id":5380,"href":"https:\/\/zwirkiiwigury2.pl\/index.php?rest_route=\/wp\/v2\/pages\/5378\/revisions\/5380"}],"up":[{"embeddable":true,"href":"https:\/\/zwirkiiwigury2.pl\/index.php?rest_route=\/wp\/v2\/pages\/3406"}],"wp:attachment":[{"href":"https:\/\/zwirkiiwigury2.pl\/index.php?rest_route=%2Fwp%2Fv2%2Fmedia&parent=5378"}],"curies":[{"name":"wp","href":"https:\/\/api.w.org\/{rel}","templated":true}]}}